{"id":719,"date":"2022-06-27T20:12:37","date_gmt":"2022-06-27T20:12:37","guid":{"rendered":"https:\/\/ajanskale.com\/?page_id=719"},"modified":"2022-10-29T08:07:28","modified_gmt":"2022-10-29T08:07:28","slug":"kunye","status":"publish","type":"page","link":"https:\/\/ajanskale.com\/index.php\/kunye\/","title":{"rendered":"K\u00fcnye"},"content":{"rendered":"<p>Gen\u00e7ay Radyo TV. YAY.REK. A.\u015e<\/p>\n<p>Mehmet GEN\u00c7AY<\/p>\n","protected":false},"excerpt":{"rendered":"<p>Gen\u00e7ay Radyo TV. YAY.REK. A.\u015e Mehmet GEN\u00c7AY<\/p>\n","protected":false},"author":3,"featured_media":0,"parent":0,"menu_order":0,"comment_status":"closed","ping_status":"closed","template":"","meta":{"_bbp_topic_count":0,"_bbp_reply_count":0,"_bbp_total_topic_count":0,"_bbp_total_reply_count":0,"_bbp_voice_count":0,"_bbp_anonymous_reply_count":0,"_bbp_topic_count_hidden":0,"_bbp_reply_count_hidden":0,"_bbp_forum_subforum_count":0,"footnotes":""},"class_list":["post-719","page","type-page","status-publish","hentry"],"amp_enabled":true,"_links":{"self":[{"href":"https:\/\/ajanskale.com\/index.php\/wp-json\/wp\/v2\/pages\/719","targetHints":{"allow":["GET"]}}],"collection":[{"href":"https:\/\/ajanskale.com\/index.php\/wp-json\/wp\/v2\/pages"}],"about":[{"href":"https:\/\/ajanskale.com\/index.php\/wp-json\/wp\/v2\/types\/page"}],"author":[{"embeddable":true,"href":"https:\/\/ajanskale.com\/index.php\/wp-json\/wp\/v2\/users\/3"}],"replies":[{"embeddable":true,"href":"https:\/\/ajanskale.com\/index.php\/wp-json\/wp\/v2\/comments?post=719"}],"version-history":[{"count":4,"href":"https:\/\/ajanskale.com\/index.php\/wp-json\/wp\/v2\/pages\/719\/revisions"}],"predecessor-version":[{"id":1038,"href":"https:\/\/ajanskale.com\/index.php\/wp-json\/wp\/v2\/pages\/719\/revisions\/1038"}],"wp:attachment":[{"href":"https:\/\/ajanskale.com\/index.php\/wp-json\/wp\/v2\/media?parent=719"}],"curies":[{"name":"wp","href":"https:\/\/api.w.org\/{rel}","templated":true}]}}